{"id":2039,"date":"2016-06-11T14:25:44","date_gmt":"2016-06-11T14:25:44","guid":{"rendered":"http:\/\/demo.goodlayers.com\/infinite\/?page_id=2039"},"modified":"2024-01-06T14:31:08","modified_gmt":"2024-01-06T13:31:08","slug":"homepage-main","status":"publish","type":"page","link":"https:\/\/adwokatfotowoltaika.pl\/","title":{"rendered":"Strona g\u0142\u00f3wna"},"content":{"rendered":"","protected":false},"excerpt":{"rendered":"","protected":false},"author":1,"featured_media":0,"parent":0,"menu_order":0,"comment_status":"closed","ping_status":"closed","template":"","meta":{"footnotes":""},"class_list":["post-2039","page","type-page","status-publish","hentry"],"yoast_head":"<!-- This site is optimized with the Yoast SEO plugin v18.6 - https:\/\/yoast.com\/wordpress\/plugins\/seo\/ -->\n<title>Strona g\u0142\u00f3wna - Fotowoltaika. Adwokat.<\/title>\n<meta name=\"description\" content=\"Masz problem z fotowoltaik\u0105? Dostawca op\u00f3\u017ania si\u0119 z monta\u017cem? Instalacja jest wadliwa? Pomo\u017cemy Ci w kwestiach prawnych\" \/>\n<meta name=\"robots\" content=\"index, follow, max-snippet:-1, max-image-preview:large, max-video-preview:-1\" \/>\n<link rel=\"canonical\" href=\"https:\/\/adwokatfotowoltaika.pl\/\" \/>\n<meta property=\"og:locale\" content=\"pl_PL\" \/>\n<meta property=\"og:type\" content=\"article\" \/>\n<meta property=\"og:title\" content=\"Strona g\u0142\u00f3wna - Fotowoltaika. Adwokat.\" \/>\n<meta property=\"og:description\" content=\"Masz problem z fotowoltaik\u0105? Dostawca op\u00f3\u017ania si\u0119 z monta\u017cem? Instalacja jest wadliwa? Pomo\u017cemy Ci w kwestiach prawnych\" \/>\n<meta property=\"og:url\" content=\"https:\/\/adwokatfotowoltaika.pl\/\" \/>\n<meta property=\"og:site_name\" content=\"Fotowoltaika. Adwokat.\" \/>\n<meta property=\"article:modified_time\" content=\"2024-01-06T13:31:08+00:00\" \/>\n<meta name=\"twitter:card\" content=\"summary_large_image\" \/>\n<script type=\"application\/ld+json\" class=\"yoast-schema-graph\">{\"@context\":\"https:\/\/schema.org\",\"@graph\":[{\"@type\":\"Organization\",\"@id\":\"https:\/\/adwokatfotowoltaika.pl\/#organization\",\"name\":\"Adwokat Fotowoltaika - Aleksandra Iskra\",\"url\":\"https:\/\/adwokatfotowoltaika.pl\/\",\"sameAs\":[],\"logo\":{\"@type\":\"ImageObject\",\"@id\":\"https:\/\/adwokatfotowoltaika.pl\/#logo\",\"inLanguage\":\"pl-PL\",\"url\":\"https:\/\/adwokatfotowoltaika.pl\/wp-content\/uploads\/2022\/04\/logo-aiskra-1.png\",\"contentUrl\":\"https:\/\/adwokatfotowoltaika.pl\/wp-content\/uploads\/2022\/04\/logo-aiskra-1.png\",\"width\":1200,\"height\":942,\"caption\":\"Adwokat Fotowoltaika - Aleksandra Iskra\"},\"image\":{\"@id\":\"https:\/\/adwokatfotowoltaika.pl\/#logo\"}},{\"@type\":\"WebSite\",\"@id\":\"https:\/\/adwokatfotowoltaika.pl\/#website\",\"url\":\"https:\/\/adwokatfotowoltaika.pl\/\",\"name\":\"Fotowoltaika. Adwokat.\",\"description\":\"Masz problem z fotowoltaik\u0105? Dostawca op\u00f3\u017ania si\u0119 z monta\u017cem? Instalacja jest wadliwa? A mo\u017ce chcesz zabezpieczy\u0107 swoje interesy przed podpisaniem umowy na farm\u0119 fotowoltaiczn\u0105? Zesp\u00f3\u0142 naszych adwokat\u00f3w i radc\u00f3w prawnych podejmie odpowiednie dzia\u0142ania w Twoim imieniu.\",\"publisher\":{\"@id\":\"https:\/\/adwokatfotowoltaika.pl\/#organization\"},\"potentialAction\":[{\"@type\":\"SearchAction\",\"target\":{\"@type\":\"EntryPoint\",\"urlTemplate\":\"https:\/\/adwokatfotowoltaika.pl\/?s={search_term_string}\"},\"query-input\":\"required name=search_term_string\"}],\"inLanguage\":\"pl-PL\"},{\"@type\":\"WebPage\",\"@id\":\"https:\/\/adwokatfotowoltaika.pl\/#webpage\",\"url\":\"https:\/\/adwokatfotowoltaika.pl\/\",\"name\":\"Strona g\u0142\u00f3wna - Fotowoltaika. Adwokat.\",\"isPartOf\":{\"@id\":\"https:\/\/adwokatfotowoltaika.pl\/#website\"},\"datePublished\":\"2016-06-11T14:25:44+00:00\",\"dateModified\":\"2024-01-06T13:31:08+00:00\",\"description\":\"Masz problem z fotowoltaik\u0105? Dostawca op\u00f3\u017ania si\u0119 z monta\u017cem? Instalacja jest wadliwa? Pomo\u017cemy Ci w kwestiach prawnych\",\"breadcrumb\":{\"@id\":\"https:\/\/adwokatfotowoltaika.pl\/#breadcrumb\"},\"inLanguage\":\"pl-PL\",\"potentialAction\":[{\"@type\":\"ReadAction\",\"target\":[\"https:\/\/adwokatfotowoltaika.pl\/\"]}]},{\"@type\":\"BreadcrumbList\",\"@id\":\"https:\/\/adwokatfotowoltaika.pl\/#breadcrumb\",\"itemListElement\":[{\"@type\":\"ListItem\",\"position\":1,\"name\":\"Strona g\u0142\u00f3wna\",\"item\":\"https:\/\/adwokatfotowoltaika.pl\/\"},{\"@type\":\"ListItem\",\"position\":2,\"name\":\"Strona g\u0142\u00f3wna\"}]}]}<\/script>\n<!-- \/ Yoast SEO plugin. -->","yoast_head_json":{"title":"Strona g\u0142\u00f3wna - Fotowoltaika. Adwokat.","description":"Masz problem z fotowoltaik\u0105? Dostawca op\u00f3\u017ania si\u0119 z monta\u017cem? Instalacja jest wadliwa? Pomo\u017cemy Ci w kwestiach prawnych","robots":{"index":"index","follow":"follow","max-snippet":"max-snippet:-1","max-image-preview":"max-image-preview:large","max-video-preview":"max-video-preview:-1"},"canonical":"https:\/\/adwokatfotowoltaika.pl\/","og_locale":"pl_PL","og_type":"article","og_title":"Strona g\u0142\u00f3wna - Fotowoltaika. Adwokat.","og_description":"Masz problem z fotowoltaik\u0105? Dostawca op\u00f3\u017ania si\u0119 z monta\u017cem? Instalacja jest wadliwa? Pomo\u017cemy Ci w kwestiach prawnych","og_url":"https:\/\/adwokatfotowoltaika.pl\/","og_site_name":"Fotowoltaika. Adwokat.","article_modified_time":"2024-01-06T13:31:08+00:00","twitter_card":"summary_large_image","schema":{"@context":"https:\/\/schema.org","@graph":[{"@type":"Organization","@id":"https:\/\/adwokatfotowoltaika.pl\/#organization","name":"Adwokat Fotowoltaika - Aleksandra Iskra","url":"https:\/\/adwokatfotowoltaika.pl\/","sameAs":[],"logo":{"@type":"ImageObject","@id":"https:\/\/adwokatfotowoltaika.pl\/#logo","inLanguage":"pl-PL","url":"https:\/\/adwokatfotowoltaika.pl\/wp-content\/uploads\/2022\/04\/logo-aiskra-1.png","contentUrl":"https:\/\/adwokatfotowoltaika.pl\/wp-content\/uploads\/2022\/04\/logo-aiskra-1.png","width":1200,"height":942,"caption":"Adwokat Fotowoltaika - Aleksandra Iskra"},"image":{"@id":"https:\/\/adwokatfotowoltaika.pl\/#logo"}},{"@type":"WebSite","@id":"https:\/\/adwokatfotowoltaika.pl\/#website","url":"https:\/\/adwokatfotowoltaika.pl\/","name":"Fotowoltaika. Adwokat.","description":"Masz problem z fotowoltaik\u0105? Dostawca op\u00f3\u017ania si\u0119 z monta\u017cem? Instalacja jest wadliwa? A mo\u017ce chcesz zabezpieczy\u0107 swoje interesy przed podpisaniem umowy na farm\u0119 fotowoltaiczn\u0105? Zesp\u00f3\u0142 naszych adwokat\u00f3w i radc\u00f3w prawnych podejmie odpowiednie dzia\u0142ania w Twoim imieniu.","publisher":{"@id":"https:\/\/adwokatfotowoltaika.pl\/#organization"},"potentialAction":[{"@type":"SearchAction","target":{"@type":"EntryPoint","urlTemplate":"https:\/\/adwokatfotowoltaika.pl\/?s={search_term_string}"},"query-input":"required name=search_term_string"}],"inLanguage":"pl-PL"},{"@type":"WebPage","@id":"https:\/\/adwokatfotowoltaika.pl\/#webpage","url":"https:\/\/adwokatfotowoltaika.pl\/","name":"Strona g\u0142\u00f3wna - Fotowoltaika. Adwokat.","isPartOf":{"@id":"https:\/\/adwokatfotowoltaika.pl\/#website"},"datePublished":"2016-06-11T14:25:44+00:00","dateModified":"2024-01-06T13:31:08+00:00","description":"Masz problem z fotowoltaik\u0105? Dostawca op\u00f3\u017ania si\u0119 z monta\u017cem? Instalacja jest wadliwa? Pomo\u017cemy Ci w kwestiach prawnych","breadcrumb":{"@id":"https:\/\/adwokatfotowoltaika.pl\/#breadcrumb"},"inLanguage":"pl-PL","potentialAction":[{"@type":"ReadAction","target":["https:\/\/adwokatfotowoltaika.pl\/"]}]},{"@type":"BreadcrumbList","@id":"https:\/\/adwokatfotowoltaika.pl\/#breadcrumb","itemListElement":[{"@type":"ListItem","position":1,"name":"Strona g\u0142\u00f3wna","item":"https:\/\/adwokatfotowoltaika.pl\/"},{"@type":"ListItem","position":2,"name":"Strona g\u0142\u00f3wna"}]}]}},"_links":{"self":[{"href":"https:\/\/adwokatfotowoltaika.pl\/index.php?rest_route=\/wp\/v2\/pages\/2039","targetHints":{"allow":["GET"]}}],"collection":[{"href":"https:\/\/adwokatfotowoltaika.pl\/index.php?rest_route=\/wp\/v2\/pages"}],"about":[{"href":"https:\/\/adwokatfotowoltaika.pl\/index.php?rest_route=\/wp\/v2\/types\/page"}],"author":[{"embeddable":true,"href":"https:\/\/adwokatfotowoltaika.pl\/index.php?rest_route=\/wp\/v2\/users\/1"}],"replies":[{"embeddable":true,"href":"https:\/\/adwokatfotowoltaika.pl\/index.php?rest_route=%2Fwp%2Fv2%2Fcomments&post=2039"}],"version-history":[{"count":5,"href":"https:\/\/adwokatfotowoltaika.pl\/index.php?rest_route=\/wp\/v2\/pages\/2039\/revisions"}],"predecessor-version":[{"id":7404,"href":"https:\/\/adwokatfotowoltaika.pl\/index.php?rest_route=\/wp\/v2\/pages\/2039\/revisions\/7404"}],"wp:attachment":[{"href":"https:\/\/adwokatfotowoltaika.pl\/index.php?rest_route=%2Fwp%2Fv2%2Fmedia&parent=2039"}],"curies":[{"name":"wp","href":"https:\/\/api.w.org\/{rel}","templated":true}]}}